{"id":5461,"date":"2021-09-20T17:45:47","date_gmt":"2021-09-20T20:45:47","guid":{"rendered":"https:\/\/anfavea.com.br\/site\/?page_id=5461"},"modified":"2025-05-07T20:26:17","modified_gmt":"2025-05-07T23:26:17","slug":"lgpd-2","status":"publish","type":"page","link":"https:\/\/anfavea.com.br\/site\/lgpd-2\/","title":{"rendered":"LGPD"},"content":{"rendered":"<p>[et_pb_section fb_built=&#8221;1&#8243; custom_padding_last_edited=&#8221;on|tablet&#8221; admin_label=&#8221;Header&#8221; _builder_version=&#8221;4.16&#8243; background_enable_color=&#8221;off&#8221; background_color_gradient_direction=&#8221;-39deg&#8221; background_position=&#8221;top_left&#8221; custom_margin=&#8221;45px||-259px||false|false&#8221; custom_padding=&#8221;0|0px|0px|0px|false|false&#8221; custom_padding_tablet=&#8221;||0px&#8221; custom_padding_phone=&#8221;&#8221; bottom_divider_height=&#8221;30vw&#8221; bottom_divider_flip=&#8221;horizontal&#8221; locked=&#8221;off&#8221; global_colors_info=&#8221;{}&#8221;][et_pb_row column_structure=&#8221;1_2,1_2&#8243; _builder_version=&#8221;4.16&#8243; width=&#8221;90%&#8221; max_width=&#8221;1800px&#8221; module_alignment=&#8221;right&#8221; min_height=&#8221;477px&#8221; custom_margin=&#8221;-32px|auto|-125px|auto|false|false&#8221; custom_padding=&#8221;35px||167px||false|false&#8221; use_custom_width=&#8221;on&#8221; width_unit=&#8221;off&#8221; custom_width_percent=&#8221;90%&#8221; global_colors_info=&#8221;{}&#8221;][et_pb_column type=&#8221;1_2&#8243; _builder_version=&#8221;4.16&#8243; custom_padding=&#8221;|50px||&#8221; global_colors_info=&#8221;{}&#8221; custom_padding__hover=&#8221;|||&#8221;][et_pb_divider color=&#8221;#0251b8&#8243; divider_weight=&#8221;80px&#8221; _builder_version=&#8221;4.16&#8243; transform_skew=&#8221;-22deg|0deg&#8221; transform_skew_linked=&#8221;off&#8221; height=&#8221;80px&#8221; custom_margin=&#8221;||22px|-20vw||&#8221; custom_margin_tablet=&#8221;||30px&#8221; custom_margin_phone=&#8221;&#8221; custom_margin_last_edited=&#8221;on|tablet&#8221; custom_padding=&#8221;0px||0px|||&#8221; locked=&#8221;off&#8221; global_colors_info=&#8221;{}&#8221;][\/et_pb_divider][et_pb_text _builder_version=&#8221;4.16&#8243; header_font=&#8221;Khand|700|||||||&#8221; header_text_align=&#8221;left&#8221; header_font_size=&#8221;5vw&#8221; header_2_font_size=&#8221;6vw&#8221; header_3_font_size=&#8221;6vw&#8221; header_4_font_size=&#8221;6vw&#8221; header_5_font_size=&#8221;6vw&#8221; header_6_font_size=&#8221;6vw&#8221; transform_skew_linked=&#8221;off&#8221; width=&#8221;100%&#8221; width_tablet=&#8221;100%&#8221; width_phone=&#8221;&#8221; width_last_edited=&#8221;on|tablet&#8221; custom_margin=&#8221;39px|-63px|0px|||&#8221; text_font_size_tablet=&#8221;&#8221; text_font_size_phone=&#8221;&#8221; text_font_size_last_edited=&#8221;on|tablet&#8221; header_font_size_tablet=&#8221;36px&#8221; header_font_size_phone=&#8221;38px&#8221; header_font_size_last_edited=&#8221;on|phone&#8221; header_2_font_size_tablet=&#8221;36px&#8221; header_2_font_size_phone=&#8221;38px&#8221; header_2_font_size_last_edited=&#8221;on|phone&#8221; header_3_font_size_tablet=&#8221;36px&#8221; header_3_font_size_phone=&#8221;38px&#8221; header_3_font_size_last_edited=&#8221;on|phone&#8221; header_4_font_size_tablet=&#8221;36px&#8221; header_4_font_size_phone=&#8221;38px&#8221; header_4_font_size_last_edited=&#8221;on|phone&#8221; header_5_font_size_tablet=&#8221;36px&#8221; header_5_font_size_phone=&#8221;38px&#8221; header_5_font_size_last_edited=&#8221;on|phone&#8221; header_6_font_size_tablet=&#8221;36px&#8221; header_6_font_size_phone=&#8221;38px&#8221; header_6_font_size_last_edited=&#8221;on|phone&#8221; locked=&#8221;off&#8221; global_colors_info=&#8221;{}&#8221;]<\/p>\n<h1>LGPD<\/h1>\n<p>[\/et_pb_text][et_pb_divider color=&#8221;#053b87&#8243; divider_style=&#8221;double&#8221; divider_weight=&#8221;10px&#8221; _builder_version=&#8221;4.16&#8243; transform_skew=&#8221;-20deg|0deg&#8221; max_width=&#8221;100px&#8221; height=&#8221;10px&#8221; custom_margin=&#8221;12px||||false|false&#8221; locked=&#8221;off&#8221; global_colors_info=&#8221;{}&#8221;][\/et_pb_divider][\/et_pb_column][et_pb_column type=&#8221;1_2&#8243; _builder_version=&#8221;4.16&#8243; custom_padding=&#8221;|||&#8221; global_colors_info=&#8221;{}&#8221; custom_padding__hover=&#8221;|||&#8221;][et_pb_image title_text=&#8221;seg&#8221; align=&#8221;right&#8221; _builder_version=&#8221;4.16&#8243; background_image=&#8221;https:\/\/anfavea.com.br\/site\/wp-content\/uploads\/2021\/09\/seg.jpg&#8221; width=&#8221;100%&#8221; width_tablet=&#8221;100%&#8221; width_phone=&#8221;100%&#8221; width_last_edited=&#8221;on|phone&#8221; max_width=&#8221;100%&#8221; min_height_tablet=&#8221;&#8221; min_height_phone=&#8221;&#8221; min_height_last_edited=&#8221;on|desktop&#8221; custom_margin=&#8221;||66px|18px|false|false&#8221; custom_margin_tablet=&#8221;&#8221; custom_margin_phone=&#8221;&#8221; custom_margin_last_edited=&#8221;on|desktop&#8221; custom_padding=&#8221;||204px|||&#8221; always_center_on_mobile=&#8221;off&#8221; global_colors_info=&#8221;{}&#8221;][\/et_pb_image][et_pb_image src=&#8221;\/\/i1.wp.com\/anfavea.com.br\/site\/wp-content\/uploads\/2020\/01\/mechanic-57-1.png&#8221; align=&#8221;right&#8221; _builder_version=&#8221;4.16&#8243; width=&#8221;64%&#8221; module_alignment=&#8221;right&#8221; custom_margin=&#8221;-67.7%||-159px|-13px|false|false&#8221; custom_margin_tablet=&#8221;&#8221; custom_margin_phone=&#8221;&#8221; custom_margin_last_edited=&#8221;on|phone&#8221; custom_padding=&#8221;||48px|||&#8221; always_center_on_mobile=&#8221;off&#8221; global_colors_info=&#8221;{}&#8221;][\/et_pb_image][\/et_pb_column][\/et_pb_row][\/et_pb_section][et_pb_section fb_built=&#8221;1&#8243; admin_label=&#8221;Services&#8221; _builder_version=&#8221;4.16&#8243; background_enable_color=&#8221;off&#8221; custom_margin=&#8221;||80px||false|false&#8221; custom_padding=&#8221;0px|0px|0px|0px|false|false&#8221; locked=&#8221;off&#8221; global_colors_info=&#8221;{}&#8221;][\/et_pb_section][et_pb_section fb_built=&#8221;1&#8243; _builder_version=&#8221;4.23.1&#8243; _module_preset=&#8221;default&#8221; background_color=&#8221;#eaeaf1&#8243; background_image=&#8221;\/\/i3.wp.com\/anfavea.com.br\/site\/wp-content\/uploads\/2020\/01\/mechanic-35.png&#8221; background_size=&#8221;initial&#8221; background_position=&#8221;bottom_right&#8221; custom_margin=&#8221;-125px||||false|false&#8221; custom_margin_tablet=&#8221;&#8221; custom_margin_phone=&#8221;&#8221; custom_margin_last_edited=&#8221;on|phone&#8221; custom_padding=&#8221;0px||52px|23px|false|false&#8221; hover_enabled=&#8221;0&#8243; global_colors_info=&#8221;{}&#8221; custom_padding_last_edited=&#8221;on|phone&#8221; custom_padding_phone=&#8221;|47px||47px|false|true&#8221; sticky_enabled=&#8221;0&#8243; custom_padding_tablet=&#8221;0px||52px|23px|false|false&#8221;][et_pb_row column_structure=&#8221;1_2,1_2&#8243; _builder_version=&#8221;4.23.1&#8243; width=&#8221;86%&#8221; width_tablet=&#8221;80%&#8221; width_last_edited=&#8221;on|phone&#8221; max_width=&#8221;1987px&#8221; module_alignment=&#8221;center&#8221; custom_margin=&#8221;|auto||-67px||&#8221; custom_margin_tablet=&#8221;|auto||-67px||&#8221; custom_margin_phone=&#8221;172px|auto|96px|0px|false|false&#8221; custom_margin_last_edited=&#8221;on|phone&#8221; custom_padding=&#8221;0px||0px|14px|false|false&#8221; hover_enabled=&#8221;0&#8243; use_custom_width=&#8221;on&#8221; width_unit=&#8221;off&#8221; custom_width_percent=&#8221;90%&#8221; locked=&#8221;off&#8221; global_colors_info=&#8221;{}&#8221; sticky_enabled=&#8221;0&#8243; width_phone=&#8221;100%&#8221; max_width_last_edited=&#8221;on|phone&#8221; max_width_phone=&#8221;2560%&#8221; max_width_tablet=&#8221;1987px&#8221;][et_pb_column type=&#8221;1_2&#8243; _builder_version=&#8221;4.16&#8243; custom_padding=&#8221;|50px||&#8221; hover_enabled=&#8221;0&#8243; global_colors_info=&#8221;{}&#8221; custom_padding__hover=&#8221;|||&#8221; sticky_enabled=&#8221;0&#8243;][et_pb_text _builder_version=&#8221;4.16&#8243; text_font=&#8221;|600|||||||&#8221; text_font_size=&#8221;16px&#8221; text_line_height=&#8221;1.4em&#8221; width=&#8221;100%&#8221; custom_margin=&#8221;97px||28px||false|false&#8221; custom_margin_tablet=&#8221;&#8221; custom_margin_phone=&#8221;44px||50px||false|false&#8221; custom_margin_last_edited=&#8221;on|phone&#8221; custom_padding=&#8221;0px|||||&#8221; custom_padding_tablet=&#8221;&#8221; custom_padding_phone=&#8221;&#8221; custom_padding_last_edited=&#8221;on|desktop&#8221; text_font_size_tablet=&#8221;&#8221; text_font_size_phone=&#8221;16px&#8221; text_font_size_last_edited=&#8221;on|phone&#8221; header_font_size_tablet=&#8221;&#8221; header_font_size_phone=&#8221;&#8221; header_font_size_last_edited=&#8221;on|tablet&#8221; global_colors_info=&#8221;{}&#8221;]<\/p>\n<div class=\"et_pb_text_inner\">\n<div data-shortcode-id=\"0.0.0.0.2-1556132400000\" data-quickaccess-editable=\"yes\" class=\"et-fb-popover-tinymce\">\n<div class=\"mce-content-body\" contenteditable=\"true\">\n<h2><strong>Data Protection Officer<\/strong><\/h2>\n<p>Elisabeth Donega Diestelkamp<\/p>\n<\/div>\n<\/div>\n<\/div>\n<p>[\/et_pb_text][et_pb_blurb title=&#8221;dpo@anfavea.com.br&#8221; url=&#8221;mailto:dpo@anfavea.com.br&#8221; url_new_window=&#8221;on&#8221; use_icon=&#8221;on&#8221; font_icon=&#8221;&#xe076;||divi||400&#8243; icon_color=&#8221;#FFFFFF&#8221; image_icon_background_color=&#8221;#0C71C3&#8243; icon_placement=&#8221;left&#8221; image_icon_width=&#8221;22px&#8221; content_max_width=&#8221;100%&#8221; image_icon_width_tablet=&#8221;16px&#8221; image_icon_width_phone=&#8221;11px&#8221; image_icon_width_last_edited=&#8221;on|tablet&#8221; _builder_version=&#8221;4.16&#8243; header_level=&#8221;h3&#8243; header_font=&#8221;Khand|700||on|||||&#8221; header_text_align=&#8221;left&#8221; header_text_color=&#8221;#0c71c3&#8243; header_font_size=&#8221;31px&#8221; header_line_height=&#8221;1.4em&#8221; body_font=&#8221;||||||||&#8221; body_text_color=&#8221;#0c71c3&#8243; image_icon_custom_padding=&#8221;8px|8px|8px|8px|false|false&#8221; custom_margin=&#8221;-23px||-48px||false|false&#8221; custom_margin_tablet=&#8221;-10px||||false|false&#8221; custom_margin_phone=&#8221;-27px||-53px|0px|false|false&#8221; custom_margin_last_edited=&#8221;on|phone&#8221; custom_padding=&#8221;||53px|||&#8221; animation=&#8221;off&#8221; hover_enabled=&#8221;0&#8243; header_font_size_tablet=&#8221;22px&#8221; header_font_size_phone=&#8221;21px&#8221; header_font_size_last_edited=&#8221;on|phone&#8221; border_radii_image=&#8221;on|100%|100%|100%|100%&#8221; icon_font_size=&#8221;22px&#8221; icon_font_size_tablet=&#8221;16px&#8221; icon_font_size_phone=&#8221;11px&#8221; icon_font_size_last_edited=&#8221;on|tablet&#8221; use_circle=&#8221;on&#8221; circle_color=&#8221;#0C71C3&#8243; locked=&#8221;off&#8221; global_colors_info=&#8221;{}&#8221; image_icon_background_color__sticky_enabled=&#8221;#2ea3f2&#8243; image_icon_background_color__sticky=&#8221;#2ea3f2&#8243; sticky_enabled=&#8221;0&#8243;][\/et_pb_blurb][et_pb_blurb title=&#8221;+ 55 (11) 2193-7826&#8243; use_icon=&#8221;on&#8221; font_icon=&#8221;&#xe090;||divi||400&#8243; icon_color=&#8221;#0c71c3&#8243; icon_placement=&#8221;left&#8221; image_icon_width=&#8221;42px&#8221; content_max_width=&#8221;100%&#8221; image_icon_width_tablet=&#8221;33px&#8221; image_icon_width_phone=&#8221;30px&#8221; image_icon_width_last_edited=&#8221;on|desktop&#8221; _builder_version=&#8221;4.23.1&#8243; header_level=&#8221;h3&#8243; header_font=&#8221;Khand|700||on|||||&#8221; header_text_align=&#8221;left&#8221; header_text_color=&#8221;#0c71c3&#8243; header_font_size=&#8221;46px&#8221; header_line_height=&#8221;1.4em&#8221; body_font=&#8221;||||||||&#8221; body_text_color=&#8221;#0c71c3&#8243; custom_margin=&#8221;-14px||-24px||false|false&#8221; custom_margin_tablet=&#8221;-26px||||false|false&#8221; custom_margin_phone=&#8221;-6px||38px||false|false&#8221; custom_margin_last_edited=&#8221;on|phone&#8221; custom_padding=&#8221;||146px||false|false&#8221; animation=&#8221;off&#8221; hover_enabled=&#8221;0&#8243; header_font_size_tablet=&#8221;22px&#8221; header_font_size_phone=&#8221;19px&#8221; header_font_size_last_edited=&#8221;on|phone&#8221; icon_font_size=&#8221;42px&#8221; icon_font_size_tablet=&#8221;33px&#8221; icon_font_size_phone=&#8221;30px&#8221; icon_font_size_last_edited=&#8221;on|desktop&#8221; locked=&#8221;off&#8221; global_colors_info=&#8221;{}&#8221; sticky_enabled=&#8221;0&#8243;][\/et_pb_blurb][\/et_pb_column][et_pb_column type=&#8221;1_2&#8243; _builder_version=&#8221;4.16&#8243; custom_padding=&#8221;|50px||&#8221; global_colors_info=&#8221;{}&#8221; custom_padding__hover=&#8221;|||&#8221;][\/et_pb_column][\/et_pb_row][\/et_pb_section][et_pb_section fb_built=&#8221;1&#8243; custom_padding_last_edited=&#8221;on|phone&#8221; _builder_version=&#8221;4.16&#8243; _module_preset=&#8221;default&#8221; background_color=&#8221;#eaeaf1&#8243; background_enable_image=&#8221;off&#8221; background_size=&#8221;initial&#8221; background_position=&#8221;bottom_right&#8221; custom_margin=&#8221;-123px||||false|false&#8221; custom_margin_tablet=&#8221;&#8221; custom_margin_phone=&#8221;-94px||||false|false&#8221; custom_margin_last_edited=&#8221;on|phone&#8221; custom_padding=&#8221;0px||52px|||&#8221; custom_padding_tablet=&#8221;&#8221; custom_padding_phone=&#8221;4px||52px||false|false&#8221; global_colors_info=&#8221;{}&#8221;][et_pb_row _builder_version=&#8221;4.16&#8243; _module_preset=&#8221;default&#8221; width=&#8221;85%&#8221; max_width=&#8221;1360px&#8221; custom_margin=&#8221;56px|auto|-37px|auto|false|false&#8221; custom_margin_tablet=&#8221;57px||||false|false&#8221; custom_margin_phone=&#8221;80px||||false|false&#8221; custom_margin_last_edited=&#8221;on|phone&#8221; custom_padding=&#8221;9px||29px|||&#8221; locked=&#8221;off&#8221; global_colors_info=&#8221;{}&#8221;][et_pb_column type=&#8221;4_4&#8243; _builder_version=&#8221;4.16&#8243; _module_preset=&#8221;default&#8221; global_colors_info=&#8221;{}&#8221;][et_pb_cta title=&#8221;Aviso de Privacidade&#8221; button_text=&#8221;Cliques&#8221; _builder_version=&#8221;4.16&#8243; _module_preset=&#8221;default&#8221; header_font=&#8221;|700|||||||&#8221; header_text_color=&#8221;#0C71C3&#8243; body_font=&#8221;|600|||||||&#8221; body_text_color=&#8221;#666666&#8243; body_font_size=&#8221;17px&#8221; background_enable_color=&#8221;off&#8221; body_font_size_tablet=&#8221;&#8221; body_font_size_phone=&#8221;14px&#8221; body_font_size_last_edited=&#8221;on|phone&#8221; border_width_all=&#8221;4px&#8221; border_color_all=&#8221;#0C71C3&#8243; global_colors_info=&#8221;{}&#8221;]<\/p>\n<p style=\"text-align: left;\">Em atendimento ao princ\u00edpio da transpar\u00eancia expresso na Lei Geral de Prote\u00e7\u00e3o de Dados \u2013 LGPD (art.6\u00b0, inc. VI da Lei n\u00b0 13.709\/2018), a ANFAVEA na qualidade de Entidade representativa do setor automotivo declara n\u00e3o realizar tratamento de dados a partir de seu site institucional.<\/p>\n<p style=\"text-align: left;\">N\u00e3o obstante, sobrevindo qualquer atividade que deva observ\u00e2ncia \u00e0 LGPD, este aviso ser\u00e1 atualizado a fim de manter a conformidade.<\/p>\n<p>[\/et_pb_cta][\/et_pb_column][\/et_pb_row][\/et_pb_section][et_pb_section fb_built=&#8221;1&#8243; _builder_version=&#8221;4.23.1&#8243; _module_preset=&#8221;default&#8221; global_colors_info=&#8221;{}&#8221;][\/et_pb_section]<\/p>\n","protected":false},"excerpt":{"rendered":"<p>LGPD Data Protection Officer Elisabeth Donega Diestelkamp Em atendimento ao princ\u00edpio da transpar\u00eancia expresso na Lei Geral de Prote\u00e7\u00e3o de Dados \u2013 LGPD (art.6\u00b0, inc. VI da Lei n\u00b0 13.709\/2018), a ANFAVEA na qualidade de Entidade representativa do setor automotivo declara n\u00e3o realizar tratamento de dados a partir de seu site institucional. N\u00e3o obstante, sobrevindo [&hellip;]<\/p>\n","protected":false},"author":1,"featured_media":0,"parent":0,"menu_order":0,"comment_status":"closed","ping_status":"closed","template":"","meta":{"_et_pb_use_builder":"on","_et_pb_old_content":"","_et_gb_content_width":"","footnotes":""},"class_list":["post-5461","page","type-page","status-publish","hentry"],"_links":{"self":[{"href":"https:\/\/anfavea.com.br\/site\/wp-json\/wp\/v2\/pages\/5461","targetHints":{"allow":["GET"]}}],"collection":[{"href":"https:\/\/anfavea.com.br\/site\/wp-json\/wp\/v2\/pages"}],"about":[{"href":"https:\/\/anfavea.com.br\/site\/wp-json\/wp\/v2\/types\/page"}],"author":[{"embeddable":true,"href":"https:\/\/anfavea.com.br\/site\/wp-json\/wp\/v2\/users\/1"}],"replies":[{"embeddable":true,"href":"https:\/\/anfavea.com.br\/site\/wp-json\/wp\/v2\/comments?post=5461"}],"version-history":[{"count":28,"href":"https:\/\/anfavea.com.br\/site\/wp-json\/wp\/v2\/pages\/5461\/revisions"}],"predecessor-version":[{"id":11777,"href":"https:\/\/anfavea.com.br\/site\/wp-json\/wp\/v2\/pages\/5461\/revisions\/11777"}],"wp:attachment":[{"href":"https:\/\/anfavea.com.br\/site\/wp-json\/wp\/v2\/media?parent=5461"}],"curies":[{"name":"wp","href":"https:\/\/api.w.org\/{rel}","templated":true}]}}