{"id":1955,"date":"2020-01-27T17:55:11","date_gmt":"2020-01-27T20:55:11","guid":{"rendered":"https:\/\/anfavea.com.br\/site\/?page_id=1955"},"modified":"2025-11-13T10:37:11","modified_gmt":"2025-11-13T13:37:11","slug":"contato","status":"publish","type":"page","link":"https:\/\/anfavea.com.br\/site\/contato\/","title":{"rendered":"Contato"},"content":{"rendered":"<p>[et_pb_section fb_built=&#8221;1&#8243; custom_padding_last_edited=&#8221;on|tablet&#8221; admin_label=&#8221;Header&#8221; _builder_version=&#8221;4.16&#8243; background_color=&#8221;#eaeaf1&#8243; use_background_color_gradient=&#8221;on&#8221; background_color_gradient_direction=&#8221;-67deg&#8221; background_color_gradient_stops=&#8221;#eaeaf1 24%|#ffffff 24%&#8221; background_color_gradient_start=&#8221;#eaeaf1&#8243; background_color_gradient_start_position=&#8221;24%&#8221; background_color_gradient_end=&#8221;#ffffff&#8221; background_color_gradient_end_position=&#8221;0%&#8221; background_position=&#8221;top_left&#8221; custom_margin=&#8221;36px||||false|false&#8221; custom_margin_tablet=&#8221;&#8221; custom_margin_phone=&#8221;56px||||false|false&#8221; custom_margin_last_edited=&#8221;on|phone&#8221; custom_padding=&#8221;0|0px|14px|0px|false|false&#8221; custom_padding_tablet=&#8221;||0px&#8221; custom_padding_phone=&#8221;&#8221; background_last_edited=&#8221;on|phone&#8221; background_color_gradient_direction_phone=&#8221;277deg&#8221; background_color_gradient_stops_tablet=&#8221;#eaeaf1 34%|#ffffff 34%&#8221; background_color_gradient_stops_phone=&#8221;#eaeaf1 24%|#ffffff 24%&#8221; background_color_gradient_start_position_tablet=&#8221;34%&#8221; background_color_gradient_start_position_phone=&#8221;24%&#8221; background_color_gradient_end_position_phone=&#8221;0%&#8221; locked=&#8221;off&#8221; global_colors_info=&#8221;{}&#8221;][et_pb_row column_structure=&#8221;2_5,3_5&#8243; _builder_version=&#8221;4.16&#8243; width=&#8221;90%&#8221; width_tablet=&#8221;80%&#8221; width_last_edited=&#8221;off|desktop&#8221; max_width=&#8221;1800px&#8221; module_alignment=&#8221;right&#8221; custom_padding=&#8221;0px||45px||false|false&#8221; use_custom_width=&#8221;on&#8221; width_unit=&#8221;off&#8221; custom_width_percent=&#8221;90%&#8221; global_colors_info=&#8221;{}&#8221;][et_pb_column type=&#8221;2_5&#8243; _builder_version=&#8221;4.16&#8243; custom_padding=&#8221;|50px||&#8221; global_colors_info=&#8221;{}&#8221; custom_padding__hover=&#8221;|||&#8221;][et_pb_divider color=&#8221;#0251b8&#8243; divider_weight=&#8221;80px&#8221; _builder_version=&#8221;4.16&#8243; transform_skew=&#8221;-22deg|0deg&#8221; transform_skew_linked=&#8221;off&#8221; height=&#8221;80px&#8221; custom_margin=&#8221;||60px|-20vw&#8221; custom_margin_tablet=&#8221;||30px&#8221; custom_margin_phone=&#8221;&#8221; custom_margin_last_edited=&#8221;on|tablet&#8221; locked=&#8221;off&#8221; global_colors_info=&#8221;{}&#8221;][\/et_pb_divider][et_pb_text _builder_version=&#8221;4.16&#8243; header_font=&#8221;Khand|700|||||||&#8221; header_text_align=&#8221;left&#8221; header_font_size=&#8221;5vw&#8221; transform_skew_linked=&#8221;off&#8221; custom_margin=&#8221;-18px||0px||false|false&#8221; custom_margin_tablet=&#8221;47px||||false|false&#8221; custom_margin_phone=&#8221;39px||||false|false&#8221; custom_margin_last_edited=&#8221;on|phone&#8221; header_font_size_tablet=&#8221;58px&#8221; header_font_size_phone=&#8221;45px&#8221; header_font_size_last_edited=&#8221;on|tablet&#8221; global_colors_info=&#8221;{}&#8221;]<\/p>\n<h1>Contato<\/h1>\n<p>[\/et_pb_text][et_pb_divider color=&#8221;#053b87&#8243; divider_style=&#8221;double&#8221; divider_weight=&#8221;10px&#8221; _builder_version=&#8221;4.16&#8243; transform_skew=&#8221;-20deg|0deg&#8221; max_width=&#8221;100px&#8221; height=&#8221;10px&#8221; locked=&#8221;off&#8221; global_colors_info=&#8221;{}&#8221;][\/et_pb_divider][\/et_pb_column][et_pb_column type=&#8221;3_5&#8243; _builder_version=&#8221;4.16&#8243; custom_padding=&#8221;|||&#8221; global_colors_info=&#8221;{}&#8221; custom_padding__hover=&#8221;|||&#8221;][\/et_pb_column][\/et_pb_row][et_pb_row column_structure=&#8221;1_2,1_2&#8243; _builder_version=&#8221;4.16&#8243; width=&#8221;79%&#8221; width_tablet=&#8221;80%&#8221; width_last_edited=&#8221;off|desktop&#8221; max_width=&#8221;1808px&#8221; module_alignment=&#8221;center&#8221; custom_margin=&#8221;|auto||-67px||&#8221; custom_padding=&#8221;0px||0px||false|false&#8221; use_custom_width=&#8221;on&#8221; width_unit=&#8221;off&#8221; custom_width_percent=&#8221;90%&#8221; global_colors_info=&#8221;{}&#8221;][et_pb_column type=&#8221;1_2&#8243; _builder_version=&#8221;4.16&#8243; custom_padding=&#8221;|50px||&#8221; global_colors_info=&#8221;{}&#8221; custom_padding__hover=&#8221;|||&#8221;][et_pb_text _builder_version=&#8221;4.23.1&#8243; text_font=&#8221;|600|||||||&#8221; text_font_size=&#8221;16px&#8221; text_line_height=&#8221;1.4em&#8221; width=&#8221;100%&#8221; custom_margin=&#8221;||28px||false|false&#8221; custom_margin_tablet=&#8221;&#8221; custom_margin_phone=&#8221;&#8221; custom_margin_last_edited=&#8221;on|desktop&#8221; custom_padding=&#8221;0px|||||&#8221; custom_padding_tablet=&#8221;&#8221; custom_padding_phone=&#8221;&#8221; custom_padding_last_edited=&#8221;on|desktop&#8221; text_font_size_tablet=&#8221;&#8221; text_font_size_phone=&#8221;16px&#8221; text_font_size_last_edited=&#8221;on|phone&#8221; header_font_size_tablet=&#8221;&#8221; header_font_size_phone=&#8221;&#8221; header_font_size_last_edited=&#8221;on|tablet&#8221; global_colors_info=&#8221;{}&#8221;]<\/p>\n<div class=\"et_pb_text_inner\">\n<div data-shortcode-id=\"0.0.0.0.2-1556132400000\" data-quickaccess-editable=\"yes\" class=\"et-fb-popover-tinymce\">\n<div class=\"mce-content-body\" contenteditable=\"true\">\n<h2><strong>S\u00e3o Paulo<\/strong><\/h2>\n<p>Av. Engenheiro Lu\u00eds Carlos Berrini, 105 &#8211; Edif\u00edcio Berrini One, 4\u00b0 andar \/ Itaim Bibi, S\u00e3o Paulo\u00a0&#8211;\u00a0SP,\u00a004571-010<\/p>\n<\/div>\n<\/div>\n<\/div>\n<p>[\/et_pb_text][et_pb_blurb title=&#8221;+ 55 (11) 2193-7800&#8243; use_icon=&#8221;on&#8221; font_icon=&#8221;&#xe090;||divi||400&#8243; icon_color=&#8221;#0c71c3&#8243; icon_placement=&#8221;left&#8221; image_icon_width=&#8221;42px&#8221; content_max_width=&#8221;100%&#8221; image_icon_width_tablet=&#8221;33px&#8221; image_icon_width_phone=&#8221;30px&#8221; image_icon_width_last_edited=&#8221;on|desktop&#8221; _builder_version=&#8221;4.16&#8243; header_level=&#8221;h3&#8243; header_font=&#8221;Khand|700||on|||||&#8221; header_text_align=&#8221;left&#8221; header_text_color=&#8221;#0c71c3&#8243; header_font_size=&#8221;46px&#8221; header_line_height=&#8221;1.4em&#8221; body_font=&#8221;||||||||&#8221; body_text_color=&#8221;#0c71c3&#8243; custom_margin=&#8221;-14px||-24px||false|false&#8221; custom_margin_tablet=&#8221;-26px||||false|false&#8221; custom_margin_phone=&#8221;-16px||-24px||false|false&#8221; custom_margin_last_edited=&#8221;on|phone&#8221; custom_padding=&#8221;||53px|||&#8221; animation=&#8221;off&#8221; header_font_size_tablet=&#8221;22px&#8221; header_font_size_phone=&#8221;25px&#8221; header_font_size_last_edited=&#8221;on|phone&#8221; icon_font_size=&#8221;42px&#8221; icon_font_size_tablet=&#8221;33px&#8221; icon_font_size_phone=&#8221;30px&#8221; icon_font_size_last_edited=&#8221;on|desktop&#8221; locked=&#8221;off&#8221; global_colors_info=&#8221;{}&#8221;][\/et_pb_blurb][\/et_pb_column][et_pb_column type=&#8221;1_2&#8243; _builder_version=&#8221;4.16&#8243; custom_padding=&#8221;|50px||&#8221; global_colors_info=&#8221;{}&#8221; custom_padding__hover=&#8221;|||&#8221;][et_pb_image src=&#8221;https:\/\/anfavea.com.br\/site\/wp-content\/uploads\/2021\/06\/BACK-1.png&#8221; title_text=&#8221;BACK&#8221; disabled_on=&#8221;on|on|off&#8221; _builder_version=&#8221;4.16&#8243; _module_preset=&#8221;default&#8221; width=&#8221;82%&#8221; width_tablet=&#8221;&#8221; width_phone=&#8221;&#8221; width_last_edited=&#8221;on|tablet&#8221; custom_margin=&#8221;|||-105px|false|false&#8221; custom_margin_tablet=&#8221;-189px|||-78px|false|false&#8221; custom_margin_phone=&#8221;0px||||false|false&#8221; custom_margin_last_edited=&#8221;on|tablet&#8221; custom_padding=&#8221;|||0px|false|false&#8221; locked=&#8221;off&#8221; global_colors_info=&#8221;{}&#8221;][\/et_pb_image][\/et_pb_column][\/et_pb_row][et_pb_row column_structure=&#8221;1_2,1_2&#8243; _builder_version=&#8221;4.16&#8243; width=&#8221;79%&#8221; width_tablet=&#8221;80%&#8221; width_last_edited=&#8221;off|desktop&#8221; max_width=&#8221;1808px&#8221; module_alignment=&#8221;center&#8221; custom_margin=&#8221;|auto||-67px||&#8221; custom_padding=&#8221;0px||0px||false|false&#8221; use_custom_width=&#8221;on&#8221; width_unit=&#8221;off&#8221; custom_width_percent=&#8221;90%&#8221; global_colors_info=&#8221;{}&#8221;][et_pb_column type=&#8221;1_2&#8243; _builder_version=&#8221;4.16&#8243; custom_padding=&#8221;|50px||&#8221; global_colors_info=&#8221;{}&#8221; custom_padding__hover=&#8221;|||&#8221;][et_pb_text _builder_version=&#8221;4.23.1&#8243; text_font=&#8221;|600|||||||&#8221; text_font_size=&#8221;16px&#8221; text_line_height=&#8221;1.4em&#8221; width=&#8221;100%&#8221; custom_margin=&#8221;||28px||false|false&#8221; custom_margin_tablet=&#8221;&#8221; custom_margin_phone=&#8221;&#8221; custom_margin_last_edited=&#8221;on|desktop&#8221; custom_padding=&#8221;0px|||||&#8221; custom_padding_tablet=&#8221;&#8221; custom_padding_phone=&#8221;&#8221; custom_padding_last_edited=&#8221;on|desktop&#8221; text_font_size_tablet=&#8221;&#8221; text_font_size_phone=&#8221;16px&#8221; text_font_size_last_edited=&#8221;on|phone&#8221; header_font_size_tablet=&#8221;&#8221; header_font_size_phone=&#8221;&#8221; header_font_size_last_edited=&#8221;on|tablet&#8221; global_colors_info=&#8221;{}&#8221;]<\/p>\n<div class=\"et_pb_text_inner\">\n<div data-shortcode-id=\"0.0.0.0.2-1556132400000\" data-quickaccess-editable=\"yes\" class=\"et-fb-popover-tinymce\">\n<div class=\"mce-content-body\" contenteditable=\"true\">\n<h2><strong>Bras\u00edlia<\/strong><\/h2>\n<p>SHIS QI 15, Ch\u00e1cara 66 A &#8211; Lago Sul &#8211; Cep: 71600-810 &#8211; Bras\u00edlia \u2013 DF &#8211; Tel:\u00a055\u00a061\u00a02191-1400<\/p>\n<\/div>\n<\/div>\n<\/div>\n<p>[\/et_pb_text][et_pb_blurb title=&#8221;+ 55 (61) 2191 1401&#8243; use_icon=&#8221;on&#8221; font_icon=&#8221;&#xe090;||divi||400&#8243; icon_color=&#8221;#0c71c3&#8243; icon_placement=&#8221;left&#8221; image_icon_width=&#8221;42px&#8221; content_max_width=&#8221;100%&#8221; image_icon_width_tablet=&#8221;33px&#8221; image_icon_width_phone=&#8221;30px&#8221; image_icon_width_last_edited=&#8221;on|desktop&#8221; _builder_version=&#8221;4.16&#8243; header_level=&#8221;h3&#8243; header_font=&#8221;Khand|700||on|||||&#8221; header_text_align=&#8221;left&#8221; header_text_color=&#8221;#0c71c3&#8243; header_font_size=&#8221;46px&#8221; header_line_height=&#8221;1.4em&#8221; body_font=&#8221;||||||||&#8221; body_text_color=&#8221;#0c71c3&#8243; custom_margin=&#8221;-14px||-24px||false|false&#8221; custom_margin_tablet=&#8221;-26px||||false|false&#8221; custom_margin_phone=&#8221;-16px||-24px||false|false&#8221; custom_margin_last_edited=&#8221;on|phone&#8221; custom_padding=&#8221;||53px|||&#8221; animation=&#8221;off&#8221; header_font_size_tablet=&#8221;22px&#8221; header_font_size_phone=&#8221;25px&#8221; header_font_size_last_edited=&#8221;on|phone&#8221; icon_font_size=&#8221;42px&#8221; icon_font_size_tablet=&#8221;33px&#8221; icon_font_size_phone=&#8221;30px&#8221; icon_font_size_last_edited=&#8221;on|desktop&#8221; locked=&#8221;off&#8221; global_colors_info=&#8221;{}&#8221;][\/et_pb_blurb][\/et_pb_column][et_pb_column type=&#8221;1_2&#8243; _builder_version=&#8221;4.16&#8243; custom_padding=&#8221;|50px||&#8221; global_colors_info=&#8221;{}&#8221; custom_padding__hover=&#8221;|||&#8221;][\/et_pb_column][\/et_pb_row][et_pb_row _builder_version=&#8221;4.16&#8243; width=&#8221;79%&#8221; width_tablet=&#8221;80%&#8221; width_last_edited=&#8221;off|desktop&#8221; max_width=&#8221;1808px&#8221; module_alignment=&#8221;center&#8221; custom_margin=&#8221;|auto||-67px||&#8221; custom_padding=&#8221;0px||0px||false|false&#8221; use_custom_width=&#8221;on&#8221; width_unit=&#8221;off&#8221; custom_width_percent=&#8221;90%&#8221; global_colors_info=&#8221;{}&#8221;][et_pb_column type=&#8221;4_4&#8243; _builder_version=&#8221;4.16&#8243; custom_padding=&#8221;|50px||&#8221; global_colors_info=&#8221;{}&#8221; custom_padding__hover=&#8221;|||&#8221;][et_pb_code _builder_version=&#8221;4.16&#8243; custom_margin=&#8221;23px|-47px||||&#8221; custom_margin_tablet=&#8221;||-70px||false|false&#8221; custom_margin_phone=&#8221;23px|-47px|-74px||false|false&#8221; custom_margin_last_edited=&#8221;on|phone&#8221; custom_padding=&#8221;||54px|||&#8221; global_colors_info=&#8221;{}&#8221;]<iframe src=\"https:\/\/www.google.com\/maps\/embed?pb=!1m18!1m12!1m3!1d3656.027246437696!2d-46.657580784544265!3d-23.60335576903065!2m3!1f0!2f0!3f0!3m2!1i1024!2i768!4f13.1!3m3!1m2!1s0x94ce5a1759a764ad%3A0xacd3999012676e51!2sANFAVEA%20-%20Associa%C3%A7%C3%A3o%20Nacional%20dos%20Fabricantes%20de%20Ve%C3%ADculos%20Automotores!5e0!3m2!1spt-BR!2sbr!4v1566995146258!5m2!1spt-BR!2sbr\" width=\"100%\" height=\"450\" frameborder=\"0\" style=\"border:0;\" allowfullscreen=\"\"><\/iframe>[\/et_pb_code][\/et_pb_column][\/et_pb_row][\/et_pb_section][et_pb_section fb_built=&#8221;1&#8243; _builder_version=&#8221;4.16&#8243; custom_margin=&#8221;-68px||||false|false&#8221; custom_padding=&#8221;0px||0px||false|false&#8221; global_colors_info=&#8221;{}&#8221;][et_pb_row _builder_version=&#8221;4.16&#8243; custom_margin=&#8221;||44px||false|false&#8221; global_colors_info=&#8221;{}&#8221;][et_pb_column type=&#8221;4_4&#8243; _builder_version=&#8221;4.16&#8243; global_colors_info=&#8221;{}&#8221;][\/et_pb_column][\/et_pb_row][\/et_pb_section]<\/p>\n","protected":false},"excerpt":{"rendered":"<p>Contato S\u00e3o Paulo Av. Engenheiro Lu\u00eds Carlos Berrini, 105 &#8211; Edif\u00edcio Berrini One, 4\u00b0 andar \/ Itaim Bibi, S\u00e3o Paulo\u00a0&#8211;\u00a0SP,\u00a004571-010 Bras\u00edlia SHIS QI 15, Ch\u00e1cara 66 A &#8211; Lago Sul &#8211; Cep: 71600-810 &#8211; Bras\u00edlia \u2013 DF &#8211; Tel:\u00a055\u00a061\u00a02191-1400<\/p>\n","protected":false},"author":1,"featured_media":0,"parent":0,"menu_order":0,"comment_status":"closed","ping_status":"closed","template":"","meta":{"_et_pb_use_builder":"on","_et_pb_old_content":"","_et_gb_content_width":"","footnotes":""},"class_list":["post-1955","page","type-page","status-publish","hentry"],"_links":{"self":[{"href":"https:\/\/anfavea.com.br\/site\/wp-json\/wp\/v2\/pages\/1955","targetHints":{"allow":["GET"]}}],"collection":[{"href":"https:\/\/anfavea.com.br\/site\/wp-json\/wp\/v2\/pages"}],"about":[{"href":"https:\/\/anfavea.com.br\/site\/wp-json\/wp\/v2\/types\/page"}],"author":[{"embeddable":true,"href":"https:\/\/anfavea.com.br\/site\/wp-json\/wp\/v2\/users\/1"}],"replies":[{"embeddable":true,"href":"https:\/\/anfavea.com.br\/site\/wp-json\/wp\/v2\/comments?post=1955"}],"version-history":[{"count":30,"href":"https:\/\/anfavea.com.br\/site\/wp-json\/wp\/v2\/pages\/1955\/revisions"}],"predecessor-version":[{"id":12271,"href":"https:\/\/anfavea.com.br\/site\/wp-json\/wp\/v2\/pages\/1955\/revisions\/12271"}],"wp:attachment":[{"href":"https:\/\/anfavea.com.br\/site\/wp-json\/wp\/v2\/media?parent=1955"}],"curies":[{"name":"wp","href":"https:\/\/api.w.org\/{rel}","templated":true}]}}