{"id":10736,"date":"2024-08-08T10:03:30","date_gmt":"2024-08-08T13:03:30","guid":{"rendered":"https:\/\/anfavea.com.br\/site\/?page_id=10736"},"modified":"2025-09-17T09:29:04","modified_gmt":"2025-09-17T12:29:04","slug":"missao-visao-e-valores","status":"publish","type":"page","link":"https:\/\/anfavea.com.br\/site\/missao-visao-e-valores\/","title":{"rendered":"Miss\u00e3o, Vis\u00e3o e Valores"},"content":{"rendered":"<p>[et_pb_section fb_built=&#8221;1&#8243; custom_padding_last_edited=&#8221;on|desktop&#8221; _builder_version=&#8221;4.16&#8243; background_enable_image=&#8221;off&#8221; background_enable_video_mp4=&#8221;off&#8221; background_enable_video_webm=&#8221;off&#8221; custom_margin=&#8221;||-270px||false|false&#8221; custom_margin_tablet=&#8221;7px||-212px||false|false&#8221; custom_margin_phone=&#8221;&#8221; custom_margin_last_edited=&#8221;on|phone&#8221; custom_padding=&#8221;133px||88px||false|false&#8221; custom_padding_tablet=&#8221;&#8221; custom_padding_phone=&#8221;&#8221; background_last_edited=&#8221;on|phone&#8221; background_image_phone=&#8221;\/\/i0.wp.com\/anfavea.com.br\/site\/wp-content\/uploads\/2020\/03\/ezgif-6-074557bc5bc8.gif&#8221; background_enable_image_phone=&#8221;on&#8221; global_colors_info=&#8221;{}&#8221;][et_pb_row _builder_version=&#8221;4.23.1&#8243; custom_margin=&#8221;-161px||||false|false&#8221; global_colors_info=&#8221;{}&#8221;][et_pb_column type=&#8221;4_4&#8243; _builder_version=&#8221;4.16&#8243; global_colors_info=&#8221;{}&#8221;][et_pb_divider color=&#8221;#02effc&#8221; divider_weight=&#8221;80px&#8221; _builder_version=&#8221;4.23.1&#8243; background_color=&#8221;RGBA(255,255,255,0)&#8221; transform_skew=&#8221;-22deg|0deg&#8221; transform_skew_linked=&#8221;off&#8221; height=&#8221;80px&#8221; custom_margin=&#8221;||74px|-20vw||&#8221; custom_margin_tablet=&#8221;||30px&#8221; custom_margin_phone=&#8221;||55px||false|false&#8221; custom_margin_last_edited=&#8221;on|phone&#8221; locked=&#8221;off&#8221; global_colors_info=&#8221;{}&#8221;][\/et_pb_divider][\/et_pb_column][\/et_pb_row][\/et_pb_section][et_pb_section fb_built=&#8221;1&#8243; specialty=&#8221;on&#8221; padding_top_1=&#8221;0px&#8221; padding_top_2=&#8221;100px&#8221; padding_bottom_1=&#8221;0px&#8221; padding_2_tablet=&#8221;0px|||10vw&#8221; padding_2_phone=&#8221;&#8221; padding_2_last_edited=&#8221;on|tablet&#8221; admin_label=&#8221;What We Do&#8221; _builder_version=&#8221;4.23.1&#8243; background_color=&#8221;#002454&#8243; inner_width=&#8221;100%&#8221; inner_max_width=&#8221;100%&#8221; custom_margin=&#8221;0px||0px&#8221; custom_padding=&#8221;0px|10vw|0px|||&#8221; use_custom_width=&#8221;on&#8221; width_unit=&#8221;off&#8221; custom_width_percent=&#8221;100%&#8221; global_colors_info=&#8221;{}&#8221;][et_pb_column type=&#8221;1_2&#8243; _builder_version=&#8221;4.16&#8243; custom_padding=&#8221;|||&#8221; global_colors_info=&#8221;{}&#8221; custom_padding__hover=&#8221;|||&#8221;][et_pb_image src=&#8221;https:\/\/anfavea.com.br\/site\/wp-content\/uploads\/2024\/08\/FUNDO-AZUL.png&#8221; title_text=&#8221;South,America,Viewed,From,Space,With,Sunrise,On,Planet,Earth&#8221; align=&#8221;right&#8221; force_fullwidth=&#8221;on&#8221; _builder_version=&#8221;4.23.1&#8243; background_image=&#8221;https:\/\/anfavea.com.br\/site\/wp-content\/uploads\/2024\/08\/GLOBO.jpg&#8221; max_width_tablet=&#8221;60%&#8221; max_width_last_edited=&#8221;off|desktop&#8221; max_height_tablet=&#8221;none&#8221; max_height_phone=&#8221;&#8221; max_height_last_edited=&#8221;on|tablet&#8221; custom_margin=&#8221;0px||0px&#8221; always_center_on_mobile=&#8221;off&#8221; global_colors_info=&#8221;{}&#8221;][\/et_pb_image][et_pb_image src=&#8221;https:\/\/anfavea.com.br\/site\/wp-content\/uploads\/2021\/09\/ICONS_2.gif&#8221; _builder_version=&#8221;4.23.1&#8243; _module_preset=&#8221;default&#8221; width=&#8221;59%&#8221; width_tablet=&#8221;51%&#8221; width_phone=&#8221;65%&#8221; width_last_edited=&#8221;on|tablet&#8221; custom_margin=&#8221;-223px|||145px|false|false&#8221; custom_margin_tablet=&#8221;-318px||188px|202px|false|false&#8221; custom_margin_phone=&#8221;-161px||42px|92px|false|false&#8221; custom_margin_last_edited=&#8221;on|phone&#8221; global_colors_info=&#8221;{}&#8221;][\/et_pb_image][\/et_pb_column][et_pb_column type=&#8221;1_2&#8243; specialty_columns=&#8221;2&#8243; _builder_version=&#8221;4.16&#8243; custom_padding=&#8221;|||&#8221; global_colors_info=&#8221;{}&#8221; custom_padding__hover=&#8221;|||&#8221;][et_pb_row_inner _builder_version=&#8221;4.27.4&#8243; max_width=&#8221;520px&#8221; custom_margin=&#8221;-70px||||false|false&#8221; custom_margin_tablet=&#8221;-150px|||47px|false|false&#8221; custom_margin_phone=&#8221;-127px|||24px|false|false&#8221; custom_margin_last_edited=&#8221;on|desktop&#8221; hover_enabled=&#8221;0&#8243; global_colors_info=&#8221;{}&#8221; sticky_enabled=&#8221;0&#8243;][et_pb_column_inner saved_specialty_column_type=&#8221;1_2&#8243; _builder_version=&#8221;4.16&#8243; custom_padding=&#8221;|||&#8221; global_colors_info=&#8221;{}&#8221; custom_padding__hover=&#8221;|||&#8221;][et_pb_blurb title=&#8221;MISS\u00c3O&#8221; image=&#8221;https:\/\/anfavea.com.br\/site\/wp-content\/uploads\/2024\/08\/alvo_0002_Layer-1.png&#8221; image_icon_width=&#8221;75%&#8221; _builder_version=&#8221;4.27.4&#8243; _module_preset=&#8221;default&#8221; header_font=&#8221;Open Sans|800|||||||&#8221; header_text_align=&#8221;center&#8221; header_text_color=&#8221;#0fefff&#8221; header_font_size=&#8221;33px&#8221; header_line_height=&#8221;1.6em&#8221; body_text_align=&#8221;center&#8221; body_text_color=&#8221;#FFFFFF&#8221; body_font_size=&#8221;17px&#8221; custom_margin=&#8221;-64px|||-47px|false|false&#8221; custom_margin_tablet=&#8221;-96px||||false|false&#8221; custom_margin_phone=&#8221;31px||||false|false&#8221; custom_margin_last_edited=&#8221;on|tablet&#8221; custom_padding=&#8221;20px|40px|20px|40px|true|true&#8221; custom_padding_tablet=&#8221;&#8221; custom_padding_phone=&#8221;|32px||32px|true|true&#8221; custom_padding_last_edited=&#8221;on|tablet&#8221; animation=&#8221;off&#8221; hover_enabled=&#8221;0&#8243; header_font_size_tablet=&#8221;&#8221; header_font_size_phone=&#8221;33px&#8221; header_font_size_last_edited=&#8221;on|phone&#8221; border_width_all=&#8221;1px&#8221; border_color_all=&#8221;#FFFFFF&#8221; locked=&#8221;off&#8221; global_colors_info=&#8221;{}&#8221; sticky_enabled=&#8221;0&#8243;]<\/p>\n<p>Liderar, representar e defender os interesses do setor automotivo, considerando as aspira\u00e7\u00f5es da sociedade, em benef\u00edcio do desenvolvimento sustent\u00e1vel da ind\u00fastria brasileira para os mercados interno. e externo.<\/p>\n<p>[\/et_pb_blurb][et_pb_blurb title=&#8221;VIS\u00c3O&#8221; image=&#8221;https:\/\/anfavea.com.br\/site\/wp-content\/uploads\/2024\/08\/alvo_0001_visao-compartilhada.png&#8221; image_icon_width=&#8221;75%&#8221; _builder_version=&#8221;4.27.4&#8243; _module_preset=&#8221;default&#8221; header_font=&#8221;Open Sans|800|||||||&#8221; header_text_align=&#8221;center&#8221; header_text_color=&#8221;#0fefff&#8221; header_font_size=&#8221;29px&#8221; header_line_height=&#8221;1.6em&#8221; body_text_align=&#8221;center&#8221; body_text_color=&#8221;#FFFFFF&#8221; body_font_size=&#8221;17px&#8221; custom_margin=&#8221;|||-47px|false|false&#8221; custom_margin_tablet=&#8221;|||-47px|false|false&#8221; custom_margin_phone=&#8221;|||-47px|false|false&#8221; custom_margin_last_edited=&#8221;on|desktop&#8221; custom_padding=&#8221;20px|40px|20px|40px|true|true&#8221; custom_padding_tablet=&#8221;&#8221; custom_padding_phone=&#8221;|32px||32px|true|true&#8221; custom_padding_last_edited=&#8221;on|tablet&#8221; animation=&#8221;off&#8221; hover_enabled=&#8221;0&#8243; header_font_size_tablet=&#8221;&#8221; header_font_size_phone=&#8221;33px&#8221; header_font_size_last_edited=&#8221;on|phone&#8221; border_width_all=&#8221;1px&#8221; border_color_all=&#8221;#FFFFFF&#8221; locked=&#8221;off&#8221; global_colors_info=&#8221;{}&#8221; sticky_enabled=&#8221;0&#8243;]<\/p>\n<p>Ser a entidade que representa<br \/>o ecossistema automotivo brasileiro.<\/p>\n<p>[\/et_pb_blurb][et_pb_blurb title=&#8221;VALORES&#8221; image=&#8221;https:\/\/anfavea.com.br\/site\/wp-content\/uploads\/2024\/08\/alvo_0000_diamante.png&#8221; image_icon_width=&#8221;73%&#8221; _builder_version=&#8221;4.27.4&#8243; _module_preset=&#8221;default&#8221; header_font=&#8221;Open Sans|800|||||||&#8221; header_text_align=&#8221;center&#8221; header_text_color=&#8221;#0fefff&#8221; header_font_size=&#8221;29px&#8221; header_line_height=&#8221;1.6em&#8221; body_text_align=&#8221;left&#8221; body_text_color=&#8221;#FFFFFF&#8221; body_font_size=&#8221;17px&#8221; custom_margin=&#8221;|||-47px|false|false&#8221; custom_padding=&#8221;20px|40px|20px|40px|true|true&#8221; custom_padding_tablet=&#8221;&#8221; custom_padding_phone=&#8221;|32px||32px|true|true&#8221; custom_padding_last_edited=&#8221;on|tablet&#8221; animation=&#8221;off&#8221; hover_enabled=&#8221;0&#8243; header_font_size_tablet=&#8221;&#8221; header_font_size_phone=&#8221;33px&#8221; header_font_size_last_edited=&#8221;on|phone&#8221; border_width_all=&#8221;1px&#8221; border_color_all=&#8221;#FFFFFF&#8221; locked=&#8221;off&#8221; global_colors_info=&#8221;{}&#8221; sticky_enabled=&#8221;0&#8243;]<\/p>\n<p style=\"text-align: center;\"><span>\u25ab\ufe0f <\/span>Agrega\u00e7\u00e3o de valor \u00e0s pessoas associadas<\/p>\n<p style=\"text-align: center;\"><span>\u25ab\ufe0f<\/span> \u00c9tica e transpar\u00eancia<\/p>\n<p style=\"text-align: center;\"><span>\u25ab\ufe0f<\/span> Valoriza\u00e7\u00e3o humana<\/p>\n<p style=\"text-align: center;\"><span>\u25ab\ufe0f<\/span> Compromisso com a competitividade<\/p>\n<p style=\"text-align: center;\"><span>\u25ab\ufe0f<\/span> Qualidade e excel\u00eancia<\/p>\n<p style=\"text-align: center;\"><span>\u25ab\ufe0f<\/span> Sustentabilidade<\/p>\n<p>[\/et_pb_blurb][\/et_pb_column_inner][\/et_pb_row_inner][\/et_pb_column][\/et_pb_section][et_pb_section fb_built=&#8221;1&#8243; _builder_version=&#8221;4.23.1&#8243; _module_preset=&#8221;default&#8221; background_color=&#8221;#002454&#8243; global_colors_info=&#8221;{}&#8221;][et_pb_row _builder_version=&#8221;4.23.1&#8243; _module_preset=&#8221;default&#8221; global_colors_info=&#8221;{}&#8221;][et_pb_column type=&#8221;4_4&#8243; _builder_version=&#8221;4.23.1&#8243; _module_preset=&#8221;default&#8221; global_colors_info=&#8221;{}&#8221;][et_pb_text _builder_version=&#8221;4.23.1&#8243; _module_preset=&#8221;default&#8221; text_font=&#8221;|700|||||||&#8221; text_text_color=&#8221;#0ff3ff&#8221; text_font_size=&#8221;29px&#8221; header_font=&#8221;|||on|||||&#8221; global_colors_info=&#8221;{}&#8221;]<\/p>\n<p>OBJETIVOS GLOBAIS<\/p>\n<p>[\/et_pb_text][\/et_pb_column][\/et_pb_row][et_pb_row _builder_version=&#8221;4.23.1&#8243; _module_preset=&#8221;default&#8221; global_colors_info=&#8221;{}&#8221;][et_pb_column type=&#8221;4_4&#8243; _builder_version=&#8221;4.23.1&#8243; _module_preset=&#8221;default&#8221; global_colors_info=&#8221;{}&#8221;][et_pb_text _builder_version=&#8221;4.23.1&#8243; _module_preset=&#8221;default&#8221; text_font=&#8221;|700|||||||&#8221; text_text_color=&#8221;#FFFFFF&#8221; text_font_size=&#8221;18px&#8221; global_colors_info=&#8221;{}&#8221;]<\/p>\n<ol>\n<li style=\"list-style-type: none;\">\n<ul>\n<li><strong>Gerar e disponibilizar informa\u00e7\u00f5es econ\u00f4micas e setoriais para produzir conhecimento estrat\u00e9gico <\/strong>\n<p><strong><\/strong><\/p>\n<p><strong><\/strong><\/p>\n<\/li>\n<li><strong>Viabilizar pol\u00edticas para a excel\u00eancia e competitividades dos produtos automotivos\n<p><\/strong><\/p>\n<p><strong><\/strong><\/p>\n<\/li>\n<li><strong>Estimular a transi\u00e7\u00e3o energ\u00e9tica de maneira sustent\u00e1vel\n<p><\/strong><\/p>\n<p><strong><\/strong><\/p>\n<\/li>\n<li><strong>Atingir a excel\u00eancia profissional, atrav\u00e9s da capacita\u00e7\u00e3o e desenvolvimento dos colaboradores da entidade\n<p><\/strong><\/p>\n<p><strong><\/strong><\/p>\n<\/li>\n<li><strong>Manter a reputa\u00e7\u00e3o da entidade e do setor por meio de a\u00e7\u00f5es\u00a0de\u00a0Comunica\u00e7\u00e3o<\/strong><\/li>\n<\/ul>\n<\/li>\n<\/ol>\n<p>[\/et_pb_text][\/et_pb_column][\/et_pb_row][\/et_pb_section]<\/p>\n","protected":false},"excerpt":{"rendered":"<p>Liderar, representar e defender os interesses do setor automotivo, considerando as aspira\u00e7\u00f5es da sociedade, em benef\u00edcio do desenvolvimento sustent\u00e1vel da ind\u00fastria brasileira para os mercados interno. e externo.Ser a entidade que representao ecossistema automotivo brasileiro.\u25ab\ufe0f Agrega\u00e7\u00e3o de valor \u00e0s pessoas associadas \u25ab\ufe0f \u00c9tica e transpar\u00eancia \u25ab\ufe0f Valoriza\u00e7\u00e3o humana \u25ab\ufe0f Compromisso com a competitividade \u25ab\ufe0f Qualidade [&hellip;]<\/p>\n","protected":false},"author":1,"featured_media":0,"parent":0,"menu_order":0,"comment_status":"closed","ping_status":"closed","template":"","meta":{"_et_pb_use_builder":"on","_et_pb_old_content":"","_et_gb_content_width":"","footnotes":""},"class_list":["post-10736","page","type-page","status-publish","hentry"],"_links":{"self":[{"href":"https:\/\/anfavea.com.br\/site\/wp-json\/wp\/v2\/pages\/10736","targetHints":{"allow":["GET"]}}],"collection":[{"href":"https:\/\/anfavea.com.br\/site\/wp-json\/wp\/v2\/pages"}],"about":[{"href":"https:\/\/anfavea.com.br\/site\/wp-json\/wp\/v2\/types\/page"}],"author":[{"embeddable":true,"href":"https:\/\/anfavea.com.br\/site\/wp-json\/wp\/v2\/users\/1"}],"replies":[{"embeddable":true,"href":"https:\/\/anfavea.com.br\/site\/wp-json\/wp\/v2\/comments?post=10736"}],"version-history":[{"count":11,"href":"https:\/\/anfavea.com.br\/site\/wp-json\/wp\/v2\/pages\/10736\/revisions"}],"predecessor-version":[{"id":12076,"href":"https:\/\/anfavea.com.br\/site\/wp-json\/wp\/v2\/pages\/10736\/revisions\/12076"}],"wp:attachment":[{"href":"https:\/\/anfavea.com.br\/site\/wp-json\/wp\/v2\/media?parent=10736"}],"curies":[{"name":"wp","href":"https:\/\/api.w.org\/{rel}","templated":true}]}}